{"id":338,"date":"2019-09-08T19:16:56","date_gmt":"2019-09-08T17:16:56","guid":{"rendered":"https:\/\/riehlschule.de\/WP\/?page_id=338"},"modified":"2026-02-11T13:35:11","modified_gmt":"2026-02-11T12:35:11","slug":"arbeitsgemeinschaften","status":"publish","type":"page","link":"https:\/\/riehlschule.de\/WP\/arbeitsgemeinschaften\/","title":{"rendered":"Arbeitsgemeinschaften"},"content":{"rendered":"<p>An der Riehlschule k\u00f6nnen Sch\u00fclerinnen und Sch\u00fcler in der Mittagspause und zwischen 13:30 &#8211; 16.30 Uhr ein <strong>breites Angebot an freiwilligen Arbeitsgemeinschaften<\/strong> besuchen.<\/p>\n<p>Die Angebote orientieren sich an den Zielen unseres Leitbildes sowie den Interessen der Jugendlichen und finden in der Schule, der Sporthalle und externen R\u00e4umlichkeiten statt.<\/p>\n<p>Die Arbeitsgemeinschaften sollen zum <strong>einen an Inhalte des Unterrichts ankn\u00fcpfen<\/strong> und diese vertiefen, zum anderen <strong>den schulischen Horizont erweitern<\/strong> und den Sch\u00fclerinnen und Sch\u00fclern sinnvolle Freizeitbesch\u00e4ftigung bieten.<\/p>\n<p>Die Sch\u00fclerinnen und Sch\u00fcler erhalten zu Schuljahresbeginn in Form einer <strong>Ganztagsbrosch\u00fcre<\/strong> einen \u00dcberblick \u00fcber das Angebot und w\u00e4hlen sich ein. Wichtig ist uns dabei, dass die von den Sch\u00fclerinnen und Sch\u00fclern \u00a0am Schuljahresanfang ausgew\u00e4hlten Kurse von den Eltern best\u00e4tigt werden, da die <strong>Teilnahme verbindlich<\/strong> f\u00fcr das gesamte Schuljahr sein soll. Anwesenheit und Fehlzeiten werden dokumentiert und bei unentschuldigtem Fehlen die Eltern informiert.<\/p>\n<p>Die Angebote werden von Lehrkr\u00e4ften, von au\u00dferschulischen Kooperationspartnern oder von der Schulsozialarbeit geleitet.<\/p>\n\n\n<figure class=\"wp-block-image size-full\"><img loading=\"lazy\" decoding=\"async\" width=\"762\" height=\"701\" src=\"https:\/\/riehlschule.de\/WP\/wp-content\/uploads\/AG-25_26-2.-HJ.jpg\" alt=\"\" class=\"wp-image-2175\" srcset=\"https:\/\/riehlschule.de\/WP\/wp-content\/uploads\/AG-25_26-2.-HJ.jpg 762w, https:\/\/riehlschule.de\/WP\/wp-content\/uploads\/AG-25_26-2.-HJ-300x276.jpg 300w, https:\/\/riehlschule.de\/WP\/wp-content\/uploads\/AG-25_26-2.-HJ-420x386.jpg 420w, https:\/\/riehlschule.de\/WP\/wp-content\/uploads\/AG-25_26-2.-HJ-540x497.jpg 540w, https:\/\/riehlschule.de\/WP\/wp-content\/uploads\/AG-25_26-2.-HJ-150x138.jpg 150w\" sizes=\"auto, (max-width: 762px) 100vw, 762px\" \/><\/figure>\n\n\n\n<p><\/p>\n","protected":false},"excerpt":{"rendered":"<p>An der Riehlschule k\u00f6nnen Sch\u00fclerinnen und Sch\u00fcler in der Mittagspause und zwischen 13:30 &#8211; 16.30 Uhr ein breites Angebot an freiwilligen Arbeitsgemeinschaften besuchen. Die Angebote orientieren sich an den Zielen unseres Leitbildes sowie den Interessen der Jugendlichen und finden in der Schule, der Sporthalle und externen R\u00e4umlichkeiten statt. Die Arbeitsgemeinschaften sollen zum einen an Inhalte des Unterrichts ankn\u00fcpfen und diese&nbsp;<a href=\"https:\/\/riehlschule.de\/WP\/arbeitsgemeinschaften\/\">&hellip;<\/a><\/p>\n","protected":false},"author":1,"featured_media":0,"parent":0,"menu_order":0,"comment_status":"closed","ping_status":"closed","template":"","meta":{"footnotes":""},"class_list":["post-338","page","type-page","status-publish","hentry","odd"],"_links":{"self":[{"href":"https:\/\/riehlschule.de\/WP\/wp-json\/wp\/v2\/pages\/338","targetHints":{"allow":["GET"]}}],"collection":[{"href":"https:\/\/riehlschule.de\/WP\/wp-json\/wp\/v2\/pages"}],"about":[{"href":"https:\/\/riehlschule.de\/WP\/wp-json\/wp\/v2\/types\/page"}],"author":[{"embeddable":true,"href":"https:\/\/riehlschule.de\/WP\/wp-json\/wp\/v2\/users\/1"}],"replies":[{"embeddable":true,"href":"https:\/\/riehlschule.de\/WP\/wp-json\/wp\/v2\/comments?post=338"}],"version-history":[{"count":13,"href":"https:\/\/riehlschule.de\/WP\/wp-json\/wp\/v2\/pages\/338\/revisions"}],"predecessor-version":[{"id":2176,"href":"https:\/\/riehlschule.de\/WP\/wp-json\/wp\/v2\/pages\/338\/revisions\/2176"}],"wp:attachment":[{"href":"https:\/\/riehlschule.de\/WP\/wp-json\/wp\/v2\/media?parent=338"}],"curies":[{"name":"wp","href":"https:\/\/api.w.org\/{rel}","templated":true}]}}