{"id":322,"date":"2019-09-08T19:10:01","date_gmt":"2019-09-08T17:10:01","guid":{"rendered":"https:\/\/riehlschule.de\/WP\/?page_id=322"},"modified":"2022-06-01T19:11:57","modified_gmt":"2022-06-01T17:11:57","slug":"methodentraining","status":"publish","type":"page","link":"https:\/\/riehlschule.de\/WP\/methodentraining\/","title":{"rendered":"Methodentraining"},"content":{"rendered":"\n<div class=\"wp-block-cover\" style=\"min-height:144px;aspect-ratio:unset;\"><span aria-hidden=\"true\" class=\"has-vivid-cyan-blue-background-color has-background-dim-100 wp-block-cover__gradient-background has-background-dim\"><\/span><div class=\"wp-block-cover__inner-container is-layout-flow wp-block-cover-is-layout-flow\">\n<p class=\"has-text-align-center has-large-font-size\">Methodentraining<\/p>\n<\/div><\/div>\n\n\n\n<div style=\"height:39px\" aria-hidden=\"true\" class=\"wp-block-spacer\"><\/div>\n\n\n\n<p><strong>Zu Beginn jeden Schulhalbjahres findet ein 3-5t\u00e4giges Methodentraining statt.<\/strong> Die Methodentage werden auf Wunsch im Team-Teaching vorbereitet und durchgef\u00fchrt. Die Durchf\u00fchrung der Methodentage in Workshops ist ebenfalls m\u00f6glich. An den Methodentagen haben die Sch\u00fclerinnen und Sch\u00fcler stets f\u00fcnf Stunden Unterricht.<\/p>\n\n\n\n<p>In den Jahrgangsstufen 9 und 10 werden die erlernten Methoden im komplexen Zusammenhang angewendet, indem zur Vorbereitung auf die Abschlusspr\u00fcfungen (Hauptschule und Realschule) eine <strong>Pr\u00e4sentation<\/strong> erprobt oder eine Hausarbeit angefertigt wird.<\/p>\n\n\n\n<p>Ziel ist, dass alle Sch\u00fclerinnen und Sch\u00fcler die Trainings durchlaufen. Der Jahrgang 8 bereitet im Rahmen des Methodentrainings das <strong>Schnupperpraktikum<\/strong> vor und wendet hier die in den Jahren zuvor erworbenen Kompetenzen an. Jahrgang 9 und 10 nutzen die Zeit der Methodentage zur Vorbereitung auf die schriftlichen Abschlusspr\u00fcfungen. Auch diese Methodentage werden im Team-Teaching durchgef\u00fchrt. An allen drei Tagen finden f\u00fcnf Unterrichtsstunden statt.<\/p>\n\n\n\n<h2 class=\"wp-block-heading\">Ziele<\/h2>\n\n\n\n<p>Neben den fachlichen Kompetenzen, welche die Sch\u00fclerinnen und Sch\u00fcler im Regelunterricht erwerben, erhalten sie zu Anfang jedes Halbjahres einen drei- bis f\u00fcnft\u00e4gigen Input zu bestimmten Methoden oder in den Bereichen <strong>soziale und kommunikative Kompetenz<\/strong>. Dieser spezifische Start in das jeweilige Halbjahr greift dabei Aspekte und Methoden auf, die auf die Lerngruppe, den Jahrgang und das Team ausgerichtet sind und individuell angepasst werden k\u00f6nnen. Die inhaltliche Ausgestaltung obliegt dem Team bzw. den Fachkolleginnen und Kollegen, sodass hier ein gro\u00dfer Gestaltungsspielraum besteht. Die <strong>F\u00f6rderung der \u00fcberfachlichen Kompetenzen<\/strong>, wie sie in den Kerncurricula formuliert sind, wird dabei ber\u00fccksichtigt. Als Schule mit digitaler Vollausstattung findet eine m\u00f6glichst enge <strong>Verkn\u00fcpfung zwischen Methodenwoche und digitalem Bildungskonzept<\/strong> statt.<\/p>\n\n\n\n<h2 class=\"wp-block-heading\">\u00dcberblick<\/h2>\n\n\n\n<iframe loading=\"lazy\" width=\"960\" height=\"540\" data-original-width=\"3840\" data-original-height=\"2160\" src=\"https:\/\/www.thinglink.com\/card\/1588601601847721987\" type=\"text\/html\" frameborder=\"0\" webkitallowfullscreen mozallowfullscreen allowfullscreen scrolling=\"no\"><\/iframe><script async src=\"\/\/cdn.thinglink.me\/jse\/responsive.js\"><\/script>\n\n\n\n<iframe loading=\"lazy\" width=\"960\" height=\"540\" data-original-width=\"3840\" data-original-height=\"2160\" src=\"https:\/\/www.thinglink.com\/card\/1588601940890091523\" type=\"text\/html\" frameborder=\"0\" webkitallowfullscreen mozallowfullscreen allowfullscreen scrolling=\"no\"><\/iframe><script async src=\"\/\/cdn.thinglink.me\/jse\/responsive.js\"><\/script>\n\n\n\n<iframe loading=\"lazy\" width=\"960\" height=\"540\" data-original-width=\"3840\" data-original-height=\"2160\" src=\"https:\/\/www.thinglink.com\/card\/1588601987962765315\" type=\"text\/html\" frameborder=\"0\" webkitallowfullscreen mozallowfullscreen allowfullscreen scrolling=\"no\"><\/iframe><script async src=\"\/\/cdn.thinglink.me\/jse\/responsive.js\"><\/script>\n\n\n\n<iframe loading=\"lazy\" width=\"960\" height=\"540\" data-original-width=\"3840\" data-original-height=\"2160\" src=\"https:\/\/www.thinglink.com\/card\/1588602036809629699\" type=\"text\/html\" frameborder=\"0\" webkitallowfullscreen mozallowfullscreen allowfullscreen scrolling=\"no\"><\/iframe><script async src=\"\/\/cdn.thinglink.me\/jse\/responsive.js\"><\/script>\n\n\n\n<iframe loading=\"lazy\" width=\"960\" height=\"540\" data-original-width=\"3840\" data-original-height=\"2160\" src=\"https:\/\/www.thinglink.com\/card\/1588602082821144579\" type=\"text\/html\" frameborder=\"0\" webkitallowfullscreen mozallowfullscreen allowfullscreen scrolling=\"no\"><\/iframe><script async src=\"\/\/cdn.thinglink.me\/jse\/responsive.js\"><\/script>\n\n\n\n<iframe loading=\"lazy\" width=\"960\" height=\"540\" data-original-width=\"3840\" data-original-height=\"2160\" src=\"https:\/\/www.thinglink.com\/card\/1588602113250820099\" type=\"text\/html\" frameborder=\"0\" webkitallowfullscreen mozallowfullscreen allowfullscreen scrolling=\"no\"><\/iframe><script async src=\"\/\/cdn.thinglink.me\/jse\/responsive.js\"><\/script>\n","protected":false},"excerpt":{"rendered":"<p>Zu Beginn jeden Schulhalbjahres findet ein 3-5t\u00e4giges Methodentraining statt. Die Methodentage werden auf Wunsch im Team-Teaching vorbereitet und durchgef\u00fchrt. Die Durchf\u00fchrung der Methodentage in Workshops ist ebenfalls m\u00f6glich. An den Methodentagen haben die Sch\u00fclerinnen und Sch\u00fcler stets f\u00fcnf Stunden Unterricht. In den Jahrgangsstufen 9 und 10 werden die erlernten Methoden im komplexen Zusammenhang angewendet, indem zur Vorbereitung auf die Abschlusspr\u00fcfungen&nbsp;<a href=\"https:\/\/riehlschule.de\/WP\/methodentraining\/\">&hellip;<\/a><\/p>\n","protected":false},"author":1,"featured_media":0,"parent":0,"menu_order":0,"comment_status":"closed","ping_status":"closed","template":"","meta":{"footnotes":""},"class_list":["post-322","page","type-page","status-publish","hentry","odd"],"_links":{"self":[{"href":"https:\/\/riehlschule.de\/WP\/wp-json\/wp\/v2\/pages\/322","targetHints":{"allow":["GET"]}}],"collection":[{"href":"https:\/\/riehlschule.de\/WP\/wp-json\/wp\/v2\/pages"}],"about":[{"href":"https:\/\/riehlschule.de\/WP\/wp-json\/wp\/v2\/types\/page"}],"author":[{"embeddable":true,"href":"https:\/\/riehlschule.de\/WP\/wp-json\/wp\/v2\/users\/1"}],"replies":[{"embeddable":true,"href":"https:\/\/riehlschule.de\/WP\/wp-json\/wp\/v2\/comments?post=322"}],"version-history":[{"count":7,"href":"https:\/\/riehlschule.de\/WP\/wp-json\/wp\/v2\/pages\/322\/revisions"}],"predecessor-version":[{"id":1532,"href":"https:\/\/riehlschule.de\/WP\/wp-json\/wp\/v2\/pages\/322\/revisions\/1532"}],"wp:attachment":[{"href":"https:\/\/riehlschule.de\/WP\/wp-json\/wp\/v2\/media?parent=322"}],"curies":[{"name":"wp","href":"https:\/\/api.w.org\/{rel}","templated":true}]}}