{"id":284,"date":"2019-09-06T23:30:08","date_gmt":"2019-09-06T21:30:08","guid":{"rendered":"https:\/\/riehlschule.de\/WP\/?page_id=284"},"modified":"2024-03-04T12:43:40","modified_gmt":"2024-03-04T11:43:40","slug":"fsj","status":"publish","type":"page","link":"https:\/\/riehlschule.de\/WP\/fsj\/","title":{"rendered":"Ein Freiwilliges Soziales Jahr an der Riehlschule"},"content":{"rendered":"\n<p>An der Wilhelm-Heinrich-von-Riehl-Schule besteht in Kooperation mit dem Anbieter Volunta die M\u00f6glichkeit, ein Freiwilliges Soziales Jahr zu leisten.<\/p>\n\n\n\n<p>Das Freiwillige Soziale Jahr an der Riehlschule beginnt i.d.R. im Juli\/August und erstreckt sich \u00fcber ein komplettes Schuljahr. Dabei wird der\/die FSJler\/-in an das Jahrgangsteam 5 oder 6 angegliedert. Unsere FSJler\/-innen sind \u00fcberwiegend im p\u00e4dagogischen Bereich eingesetzt: Unterst\u00fctzung und Begleitung im Unterricht, Betreuung und Spiel in der Pause, Angebote im Ganztagsbereich, Ansprechpartner\/-in f\u00fcr Sch\u00fcler\/-innen.<\/p>\n\n\n\n<p>Das Freiwillige Soziale Jahr wird durch p\u00e4dagogisches Fachpersonal angeleitet und begleitet. So k\u00f6nnen m\u00f6glichst vielf\u00e4ltige Erfahrungen und Einblicke in die p\u00e4dagogische Theorie und Praxis gesammelt werden.<\/p>\n\n\n\n<p>Voraussetzungen f\u00fcr ein FSJ an der Riehlschule sind Freude an der Arbeit mit jungen Menschen, Teamf\u00e4higkeit und Zuverl\u00e4ssigkeit. Zudem sollten FSLler\/-innen mindestens 18 Jahre alt sein (in Ausnahmen bereits ab 17 Jahren m\u00f6glich).<\/p>\n\n\n\n<p>Sollten Sie Interesse daran haben, ein FSJ an der Riehlschule zu leisten, kontaktieren Sie uns gerne!<\/p>\n","protected":false},"excerpt":{"rendered":"<p>An der Wilhelm-Heinrich-von-Riehl-Schule besteht in Kooperation mit dem Anbieter Volunta die M\u00f6glichkeit, ein Freiwilliges Soziales Jahr zu leisten. Das Freiwillige Soziale Jahr an der Riehlschule beginnt i.d.R. im Juli\/August und erstreckt sich \u00fcber ein komplettes Schuljahr. Dabei wird der\/die FSJler\/-in an das Jahrgangsteam 5 oder 6 angegliedert. Unsere FSJler\/-innen sind \u00fcberwiegend im p\u00e4dagogischen Bereich eingesetzt: Unterst\u00fctzung und Begleitung im Unterricht,&nbsp;<a href=\"https:\/\/riehlschule.de\/WP\/fsj\/\">&hellip;<\/a><\/p>\n","protected":false},"author":1,"featured_media":0,"parent":0,"menu_order":0,"comment_status":"closed","ping_status":"closed","template":"","meta":{"footnotes":""},"class_list":["post-284","page","type-page","status-publish","hentry","odd"],"_links":{"self":[{"href":"https:\/\/riehlschule.de\/WP\/wp-json\/wp\/v2\/pages\/284","targetHints":{"allow":["GET"]}}],"collection":[{"href":"https:\/\/riehlschule.de\/WP\/wp-json\/wp\/v2\/pages"}],"about":[{"href":"https:\/\/riehlschule.de\/WP\/wp-json\/wp\/v2\/types\/page"}],"author":[{"embeddable":true,"href":"https:\/\/riehlschule.de\/WP\/wp-json\/wp\/v2\/users\/1"}],"replies":[{"embeddable":true,"href":"https:\/\/riehlschule.de\/WP\/wp-json\/wp\/v2\/comments?post=284"}],"version-history":[{"count":4,"href":"https:\/\/riehlschule.de\/WP\/wp-json\/wp\/v2\/pages\/284\/revisions"}],"predecessor-version":[{"id":1908,"href":"https:\/\/riehlschule.de\/WP\/wp-json\/wp\/v2\/pages\/284\/revisions\/1908"}],"wp:attachment":[{"href":"https:\/\/riehlschule.de\/WP\/wp-json\/wp\/v2\/media?parent=284"}],"curies":[{"name":"wp","href":"https:\/\/api.w.org\/{rel}","templated":true}]}}