{"id":227,"date":"2019-07-24T08:37:46","date_gmt":"2019-07-24T06:37:46","guid":{"rendered":"https:\/\/riehlschule.de\/WP\/?page_id=227"},"modified":"2021-01-29T13:28:56","modified_gmt":"2021-01-29T12:28:56","slug":"eva","status":"publish","type":"page","link":"https:\/\/riehlschule.de\/WP\/eva\/","title":{"rendered":"EVA"},"content":{"rendered":"<p><strong>Eigenverantwortliches Arbeiten (EVA)<\/strong><\/p>\n<p>Jede Klasse hat im Stundenplan EVA, diese Zeit dient dem Eigenverantwortlichen Arbeiten. Die Lerninhalte kommen aus den unterschiedlichen F\u00e4chern. Es k\u00f6nnen Hausaufgaben erledigt, an Projekten gearbeitet oder f\u00fcr Tests und Arbeiten gelernt werden. EVA wird von Klassen- und Fachlehrern beaufsichtigt. So steht auch immer fachliche Unterst\u00fctzung zur Verf\u00fcgung. Alle Sch\u00fclerinnen und Sch\u00fcler k\u00f6nnen in ihrem eigenen Lerntempo und an Aufgaben arbeiten, die dem jeweiligen individuellen Leistungsverm\u00f6gen entsprechen.<\/p>\n","protected":false},"excerpt":{"rendered":"<p>Eigenverantwortliches Arbeiten (EVA) Jede Klasse hat im Stundenplan EVA, diese Zeit dient dem Eigenverantwortlichen Arbeiten. Die Lerninhalte kommen aus den unterschiedlichen F\u00e4chern. Es k\u00f6nnen Hausaufgaben erledigt, an Projekten gearbeitet oder f\u00fcr Tests und Arbeiten gelernt werden. EVA wird von Klassen- und Fachlehrern beaufsichtigt. So steht auch immer fachliche Unterst\u00fctzung zur Verf\u00fcgung. Alle Sch\u00fclerinnen und Sch\u00fcler k\u00f6nnen in ihrem eigenen Lerntempo&nbsp;<a href=\"https:\/\/riehlschule.de\/WP\/eva\/\">&hellip;<\/a><\/p>\n","protected":false},"author":1,"featured_media":0,"parent":0,"menu_order":0,"comment_status":"closed","ping_status":"closed","template":"","meta":{"footnotes":""},"class_list":["post-227","page","type-page","status-publish","hentry","odd"],"_links":{"self":[{"href":"https:\/\/riehlschule.de\/WP\/wp-json\/wp\/v2\/pages\/227","targetHints":{"allow":["GET"]}}],"collection":[{"href":"https:\/\/riehlschule.de\/WP\/wp-json\/wp\/v2\/pages"}],"about":[{"href":"https:\/\/riehlschule.de\/WP\/wp-json\/wp\/v2\/types\/page"}],"author":[{"embeddable":true,"href":"https:\/\/riehlschule.de\/WP\/wp-json\/wp\/v2\/users\/1"}],"replies":[{"embeddable":true,"href":"https:\/\/riehlschule.de\/WP\/wp-json\/wp\/v2\/comments?post=227"}],"version-history":[{"count":2,"href":"https:\/\/riehlschule.de\/WP\/wp-json\/wp\/v2\/pages\/227\/revisions"}],"predecessor-version":[{"id":612,"href":"https:\/\/riehlschule.de\/WP\/wp-json\/wp\/v2\/pages\/227\/revisions\/612"}],"wp:attachment":[{"href":"https:\/\/riehlschule.de\/WP\/wp-json\/wp\/v2\/media?parent=227"}],"curies":[{"name":"wp","href":"https:\/\/api.w.org\/{rel}","templated":true}]}}