{"id":1300,"date":"2022-05-27T11:52:09","date_gmt":"2022-05-27T09:52:09","guid":{"rendered":"https:\/\/riehlschule.de\/WP\/?page_id=1300"},"modified":"2023-09-10T11:50:07","modified_gmt":"2023-09-10T09:50:07","slug":"pusch","status":"publish","type":"page","link":"https:\/\/riehlschule.de\/WP\/jahrgaenge\/pusch\/","title":{"rendered":"PUSCH"},"content":{"rendered":"\n<figure class=\"wp-block-image size-full\"><img loading=\"lazy\" decoding=\"async\" width=\"928\" height=\"522\" src=\"https:\/\/riehlschule.de\/WP\/wp-content\/uploads\/hkm_pusch_logo_cmyk.jpeg\" alt=\"\" class=\"wp-image-1543\" srcset=\"https:\/\/riehlschule.de\/WP\/wp-content\/uploads\/hkm_pusch_logo_cmyk.jpeg 928w, https:\/\/riehlschule.de\/WP\/wp-content\/uploads\/hkm_pusch_logo_cmyk-300x169.jpeg 300w, https:\/\/riehlschule.de\/WP\/wp-content\/uploads\/hkm_pusch_logo_cmyk-768x432.jpeg 768w, https:\/\/riehlschule.de\/WP\/wp-content\/uploads\/hkm_pusch_logo_cmyk-420x236.jpeg 420w, https:\/\/riehlschule.de\/WP\/wp-content\/uploads\/hkm_pusch_logo_cmyk-540x304.jpeg 540w, https:\/\/riehlschule.de\/WP\/wp-content\/uploads\/hkm_pusch_logo_cmyk-780x439.jpeg 780w, https:\/\/riehlschule.de\/WP\/wp-content\/uploads\/hkm_pusch_logo_cmyk-150x84.jpeg 150w\" sizes=\"auto, (max-width: 928px) 100vw, 928px\" \/><\/figure>\n\n\n\n<p>Das Programm Praxis und Schule (PUSCH), das zum 01.08.2022 startet, wird aus Mitteln des Europ\u00e4ischen Sozialfonds (ESF) finanziert und erm\u00f6glicht es&nbsp;<strong>Sch\u00fclerinnen und Sch\u00fclern mit erheblichen Lern- und Leistungsr\u00fcckst\u00e4nden<\/strong>, ihren Hauptschulabschluss zu erreichen.<\/p>\n\n\n\n<p>PUSCH folgt auf das ESF-finanzierte Programme PUSCH (Praxis und Schule) und kann\u00a0<strong>an allgemein bildenden Schulen\u00a0<\/strong>durchgef\u00fchrt werden. Lerngruppen k\u00f6nnen somit auf Antrag der Schule an Hauptschulen, schulformbezogenen (kooperativen) und schulform\u00fcbergreifenden (integrierten) Gesamtschulen eingerichtet werden.<\/p>\n\n\n\n<p>Durch die individuelle F\u00f6rderung im PUSCH-Programm kann es zudem gelingen, f\u00fcr Sch\u00fclerinnen und Sch\u00fcler mit erheblichen Lern- und Leistungsr\u00fcckst\u00e4nden nach Erreichen des Hauptschulabschlusses den&nbsp;<strong>Eintritt in die duale Ausbildung&nbsp;<\/strong>zu erm\u00f6glichen und Zug\u00e4nge zu neuen Bildungswegen zu er\u00f6ffnen. Die kontinuierliche St\u00e4rkung des Selbstwertgef\u00fchls durch positive Schulerfahrung ist ein wesentlicher Aspekt der PUSCH-F\u00f6rderphilosophie. Praxisorientierte Bestandteile der F\u00f6rderung haben zum Ziel, den Jugendlichen aktiv auf seine Rolle im Berufsleben vorzubereiten und unterst\u00fctzen ihn darin, sich f\u00fcr die eigene Entwicklung verantwortlich zu f\u00fchlen und sich selbst f\u00fcr Ziele einzusetzen.<\/p>\n\n\n\n<p>(Quelle:<a href=\"https:\/\/kultusministerium.hessen.de\/schulsystem\/internationales\/europaeische-foerderung\/praxis-und-schule-pusch\"> kultus.hessen.de<\/a>)<\/p>\n\n\n\n<figure class=\"wp-block-image size-full is-resized\"><img loading=\"lazy\" decoding=\"async\" src=\"https:\/\/riehlschule.de\/WP\/wp-content\/uploads\/image004.jpg\" alt=\"\" class=\"wp-image-1545\" width=\"841\" height=\"151\" srcset=\"https:\/\/riehlschule.de\/WP\/wp-content\/uploads\/image004.jpg 518w, https:\/\/riehlschule.de\/WP\/wp-content\/uploads\/image004-300x54.jpg 300w, https:\/\/riehlschule.de\/WP\/wp-content\/uploads\/image004-420x75.jpg 420w, https:\/\/riehlschule.de\/WP\/wp-content\/uploads\/image004-150x27.jpg 150w\" sizes=\"auto, (max-width: 841px) 100vw, 841px\" \/><\/figure>\n","protected":false},"excerpt":{"rendered":"<p>Das Programm Praxis und Schule (PUSCH), das zum 01.08.2022 startet, wird aus Mitteln des Europ\u00e4ischen Sozialfonds (ESF) finanziert und erm\u00f6glicht es&nbsp;Sch\u00fclerinnen und Sch\u00fclern mit erheblichen Lern- und Leistungsr\u00fcckst\u00e4nden, ihren Hauptschulabschluss zu erreichen. PUSCH folgt auf das ESF-finanzierte Programme PUSCH (Praxis und Schule) und kann\u00a0an allgemein bildenden Schulen\u00a0durchgef\u00fchrt werden. Lerngruppen k\u00f6nnen somit auf Antrag der Schule an Hauptschulen, schulformbezogenen (kooperativen) und&nbsp;<a href=\"https:\/\/riehlschule.de\/WP\/jahrgaenge\/pusch\/\">&hellip;<\/a><\/p>\n","protected":false},"author":6,"featured_media":0,"parent":244,"menu_order":0,"comment_status":"closed","ping_status":"closed","template":"","meta":{"footnotes":""},"class_list":["post-1300","page","type-page","status-publish","hentry","odd"],"_links":{"self":[{"href":"https:\/\/riehlschule.de\/WP\/wp-json\/wp\/v2\/pages\/1300","targetHints":{"allow":["GET"]}}],"collection":[{"href":"https:\/\/riehlschule.de\/WP\/wp-json\/wp\/v2\/pages"}],"about":[{"href":"https:\/\/riehlschule.de\/WP\/wp-json\/wp\/v2\/types\/page"}],"author":[{"embeddable":true,"href":"https:\/\/riehlschule.de\/WP\/wp-json\/wp\/v2\/users\/6"}],"replies":[{"embeddable":true,"href":"https:\/\/riehlschule.de\/WP\/wp-json\/wp\/v2\/comments?post=1300"}],"version-history":[{"count":6,"href":"https:\/\/riehlschule.de\/WP\/wp-json\/wp\/v2\/pages\/1300\/revisions"}],"predecessor-version":[{"id":1730,"href":"https:\/\/riehlschule.de\/WP\/wp-json\/wp\/v2\/pages\/1300\/revisions\/1730"}],"up":[{"embeddable":true,"href":"https:\/\/riehlschule.de\/WP\/wp-json\/wp\/v2\/pages\/244"}],"wp:attachment":[{"href":"https:\/\/riehlschule.de\/WP\/wp-json\/wp\/v2\/media?parent=1300"}],"curies":[{"name":"wp","href":"https:\/\/api.w.org\/{rel}","templated":true}]}}